{"id":25107,"date":"2013-09-21T18:01:31","date_gmt":"2013-09-21T18:01:31","guid":{"rendered":"http:\/\/monroedesign.se\/media-2\/"},"modified":"2015-01-27T14:05:28","modified_gmt":"2015-01-27T14:05:28","slug":"media","status":"publish","type":"page","link":"https:\/\/monroedesign.se\/en\/media\/","title":{"rendered":"Media"},"content":{"rendered":"[blank_spacer height=&#8221;5px&#8221; width=&#8221;1\/1&#8243; el_position=&#8221;first last&#8221;] [fullwidth_text alt_background=&#8221;alt-two&#8221; el_class=&#8221;pb0 mb0 mt0 bb0 bt0 no-arrow pb0&#8243; width=&#8221;1\/1&#8243; el_position=&#8221;first last&#8221;]\n<div class=\"heading-wrap\">\n<h1 style=\"text-align: center;\">Monroe  in media<\/h1>\n<\/div>\n[\/fullwidth_text] [blank_spacer height=&#8221;10px&#8221; width=&#8221;1\/1&#8243; el_position=&#8221;first last&#8221;] [spb_revslider revslider_shortcode=&#8221;media&#8221; width=&#8221;1\/1&#8243; el_position=&#8221;first last&#8221;] [blank_spacer height=&#8221;225px&#8221; width=&#8221;1\/1&#8243; el_position=&#8221;first last&#8221;]\n","protected":false},"excerpt":{"rendered":"<p>[blank_spacer height=&#8221;5px&#8221; width=&#8221;1\/1&#8243; el_position=&#8221;first last&#8221;] [fullwidth_text alt_background=&#8221;alt-two&#8221; el_class=&#8221;pb0 mb0 mt0 bb0 bt0 no-arrow pb0&#8243; width=&#8221;1\/1&#8243; el_position=&#8221;first last&#8221;] Monroe in media [\/fullwidth_text] [blank_spacer height=&#8221;10px&#8221; width=&#8221;1\/1&#8243; el_position=&#8221;first last&#8221;] [spb_revslider revslider_shortcode=&#8221;media&#8221; width=&#8221;1\/1&#8243; el_position=&#8221;first last&#8221;] [blank_spacer height=&#8221;225px&#8221; width=&#8221;1\/1&#8243; el_position=&#8221;first &#8230;<\/p>\n","protected":false},"author":3,"featured_media":24394,"parent":0,"menu_order":0,"comment_status":"open","ping_status":"open","template":"template-blank-4.php","meta":{"footnotes":""},"class_list":["post-25107","page","type-page","status-publish","has-post-thumbnail","hentry"],"yoast_head":"<!-- This site is optimized with the Yoast SEO plugin v27.3 - https:\/\/yoast.com\/product\/yoast-seo-wordpress\/ -->\n<title>Graphic design in Stockholm - Monroe Design in media<\/title>\n<meta name=\"description\" content=\"Monroe Design has had some media exposure. These are our press clippings from TV4, Plaza Interi\u00f6r, Metro, Hem Ljuva Hem, H\u00e4nte Extra and M\u00e5 Bra.\" \/>\n<meta name=\"robots\" content=\"index, follow, max-snippet:-1, max-image-preview:large, max-video-preview:-1\" \/>\n<link rel=\"canonical\" href=\"https:\/\/monroedesign.se\/en\/media\/\" \/>\n<meta property=\"og:locale\" content=\"en_US\" \/>\n<meta property=\"og:type\" content=\"article\" \/>\n<meta property=\"og:title\" content=\"Graphic design in Stockholm - MONROE DESIGN in media\" \/>\n<meta property=\"og:description\" content=\"Monroe Design has had some media exposure. These are our press clippings from TV4, Plaza Interi\u00f6r, Metro, Hem Ljuva Hem, H\u00e4nte Extra and M\u00e5 Bra.\" \/>\n<meta property=\"og:url\" content=\"https:\/\/monroedesign.se\/en\/media\/\" \/>\n<meta property=\"og:site_name\" content=\"MONROE DESIGN\" \/>\n<meta property=\"article:publisher\" content=\"https:\/\/www.facebook.com\/monroedesign.se\" \/>\n<meta property=\"article:modified_time\" content=\"2015-01-27T14:05:28+00:00\" \/>\n<meta name=\"twitter:card\" content=\"summary_large_image\" \/>\n<meta name=\"twitter:title\" content=\"Graphic design in Stockholm - MONROE DESIGN in media\" \/>\n<meta name=\"twitter:description\" content=\"Monroe Design has had some media exposure. These are our press clippings from TV4, Plaza Interi\u00f6r, Metro, Hem Ljuva Hem, H\u00e4nte Extra and M\u00e5 Bra.\" \/>\n<meta name=\"twitter:image\" content=\"https:\/\/monroedesign.se\/wp-content\/uploads\/\/2015\/01\/200x200_monroe_design_logo1.jpg\" \/>\n<meta name=\"twitter:site\" content=\"@MonroeOfSweden\" \/>\n<script type=\"application\/ld+json\" class=\"yoast-schema-graph\">{\"@context\":\"https:\\\/\\\/schema.org\",\"@graph\":[{\"@type\":\"WebPage\",\"@id\":\"https:\\\/\\\/monroedesign.se\\\/en\\\/media\\\/\",\"url\":\"https:\\\/\\\/monroedesign.se\\\/en\\\/media\\\/\",\"name\":\"Graphic design in Stockholm - Monroe Design in media\",\"isPartOf\":{\"@id\":\"https:\\\/\\\/monroedesign.se\\\/en\\\/#website\"},\"primaryImageOfPage\":{\"@id\":\"https:\\\/\\\/monroedesign.se\\\/en\\\/media\\\/#primaryimage\"},\"image\":{\"@id\":\"https:\\\/\\\/monroedesign.se\\\/en\\\/media\\\/#primaryimage\"},\"thumbnailUrl\":\"https:\\\/\\\/monroedesign.se\\\/wp-content\\\/uploads\\\/2015\\\/01\\\/200x200_monroe_design_logo1.jpg\",\"datePublished\":\"2013-09-21T18:01:31+00:00\",\"dateModified\":\"2015-01-27T14:05:28+00:00\",\"description\":\"Monroe Design has had some media exposure. These are our press clippings from TV4, Plaza Interi\u00f6r, Metro, Hem Ljuva Hem, H\u00e4nte Extra and M\u00e5 Bra.\",\"breadcrumb\":{\"@id\":\"https:\\\/\\\/monroedesign.se\\\/en\\\/media\\\/#breadcrumb\"},\"inLanguage\":\"en-US\",\"potentialAction\":[{\"@type\":\"ReadAction\",\"target\":[\"https:\\\/\\\/monroedesign.se\\\/en\\\/media\\\/\"]}]},{\"@type\":\"ImageObject\",\"inLanguage\":\"en-US\",\"@id\":\"https:\\\/\\\/monroedesign.se\\\/en\\\/media\\\/#primaryimage\",\"url\":\"https:\\\/\\\/monroedesign.se\\\/wp-content\\\/uploads\\\/2015\\\/01\\\/200x200_monroe_design_logo1.jpg\",\"contentUrl\":\"https:\\\/\\\/monroedesign.se\\\/wp-content\\\/uploads\\\/2015\\\/01\\\/200x200_monroe_design_logo1.jpg\",\"width\":200,\"height\":200},{\"@type\":\"BreadcrumbList\",\"@id\":\"https:\\\/\\\/monroedesign.se\\\/en\\\/media\\\/#breadcrumb\",\"itemListElement\":[{\"@type\":\"ListItem\",\"position\":1,\"name\":\"Hem\",\"item\":\"https:\\\/\\\/monroedesign.se\\\/en\\\/web-design-stockholm-graphic-design-decal-monroe-design-ab\\\/\"},{\"@type\":\"ListItem\",\"position\":2,\"name\":\"Media\"}]},{\"@type\":\"WebSite\",\"@id\":\"https:\\\/\\\/monroedesign.se\\\/en\\\/#website\",\"url\":\"https:\\\/\\\/monroedesign.se\\\/en\\\/\",\"name\":\"MONROE DESIGN\",\"description\":\"Web design and graphic design of print in Stockholm\",\"publisher\":{\"@id\":\"https:\\\/\\\/monroedesign.se\\\/en\\\/#organization\"},\"potentialAction\":[{\"@type\":\"SearchAction\",\"target\":{\"@type\":\"EntryPoint\",\"urlTemplate\":\"https:\\\/\\\/monroedesign.se\\\/en\\\/?s={search_term_string}\"},\"query-input\":{\"@type\":\"PropertyValueSpecification\",\"valueRequired\":true,\"valueName\":\"search_term_string\"}}],\"inLanguage\":\"en-US\"},{\"@type\":\"Organization\",\"@id\":\"https:\\\/\\\/monroedesign.se\\\/en\\\/#organization\",\"name\":\"Monroe Design AB\",\"url\":\"https:\\\/\\\/monroedesign.se\\\/en\\\/\",\"logo\":{\"@type\":\"ImageObject\",\"inLanguage\":\"en-US\",\"@id\":\"https:\\\/\\\/monroedesign.se\\\/en\\\/#\\\/schema\\\/logo\\\/image\\\/\",\"url\":\"https:\\\/\\\/monroedesign.se\\\/wp-content\\\/uploads\\\/2019\\\/07\\\/1040_monroe_design_logo_black_mint_hex.jpg\",\"contentUrl\":\"https:\\\/\\\/monroedesign.se\\\/wp-content\\\/uploads\\\/2019\\\/07\\\/1040_monroe_design_logo_black_mint_hex.jpg\",\"width\":1040,\"height\":650,\"caption\":\"Monroe Design AB\"},\"image\":{\"@id\":\"https:\\\/\\\/monroedesign.se\\\/en\\\/#\\\/schema\\\/logo\\\/image\\\/\"},\"sameAs\":[\"https:\\\/\\\/www.facebook.com\\\/monroedesign.se\",\"https:\\\/\\\/x.com\\\/MonroeOfSweden\",\"https:\\\/\\\/www.instagram.com\\\/monroedesign\\\/\",\"https:\\\/\\\/www.linkedin.com\\\/in\\\/monroedesign\"]}]}<\/script>\n<!-- \/ Yoast SEO plugin. -->","yoast_head_json":{"title":"Graphic design in Stockholm - Monroe Design in media","description":"Monroe Design has had some media exposure. These are our press clippings from TV4, Plaza Interi\u00f6r, Metro, Hem Ljuva Hem, H\u00e4nte Extra and M\u00e5 Bra.","robots":{"index":"index","follow":"follow","max-snippet":"max-snippet:-1","max-image-preview":"max-image-preview:large","max-video-preview":"max-video-preview:-1"},"canonical":"https:\/\/monroedesign.se\/en\/media\/","og_locale":"en_US","og_type":"article","og_title":"Graphic design in Stockholm - MONROE DESIGN in media","og_description":"Monroe Design has had some media exposure. These are our press clippings from TV4, Plaza Interi\u00f6r, Metro, Hem Ljuva Hem, H\u00e4nte Extra and M\u00e5 Bra.","og_url":"https:\/\/monroedesign.se\/en\/media\/","og_site_name":"MONROE DESIGN","article_publisher":"https:\/\/www.facebook.com\/monroedesign.se","article_modified_time":"2015-01-27T14:05:28+00:00","twitter_card":"summary_large_image","twitter_title":"Graphic design in Stockholm - MONROE DESIGN in media","twitter_description":"Monroe Design has had some media exposure. These are our press clippings from TV4, Plaza Interi\u00f6r, Metro, Hem Ljuva Hem, H\u00e4nte Extra and M\u00e5 Bra.","twitter_image":"https:\/\/monroedesign.se\/wp-content\/uploads\/\/2015\/01\/200x200_monroe_design_logo1.jpg","twitter_site":"@MonroeOfSweden","schema":{"@context":"https:\/\/schema.org","@graph":[{"@type":"WebPage","@id":"https:\/\/monroedesign.se\/en\/media\/","url":"https:\/\/monroedesign.se\/en\/media\/","name":"Graphic design in Stockholm - Monroe Design in media","isPartOf":{"@id":"https:\/\/monroedesign.se\/en\/#website"},"primaryImageOfPage":{"@id":"https:\/\/monroedesign.se\/en\/media\/#primaryimage"},"image":{"@id":"https:\/\/monroedesign.se\/en\/media\/#primaryimage"},"thumbnailUrl":"https:\/\/monroedesign.se\/wp-content\/uploads\/2015\/01\/200x200_monroe_design_logo1.jpg","datePublished":"2013-09-21T18:01:31+00:00","dateModified":"2015-01-27T14:05:28+00:00","description":"Monroe Design has had some media exposure. These are our press clippings from TV4, Plaza Interi\u00f6r, Metro, Hem Ljuva Hem, H\u00e4nte Extra and M\u00e5 Bra.","breadcrumb":{"@id":"https:\/\/monroedesign.se\/en\/media\/#breadcrumb"},"inLanguage":"en-US","potentialAction":[{"@type":"ReadAction","target":["https:\/\/monroedesign.se\/en\/media\/"]}]},{"@type":"ImageObject","inLanguage":"en-US","@id":"https:\/\/monroedesign.se\/en\/media\/#primaryimage","url":"https:\/\/monroedesign.se\/wp-content\/uploads\/2015\/01\/200x200_monroe_design_logo1.jpg","contentUrl":"https:\/\/monroedesign.se\/wp-content\/uploads\/2015\/01\/200x200_monroe_design_logo1.jpg","width":200,"height":200},{"@type":"BreadcrumbList","@id":"https:\/\/monroedesign.se\/en\/media\/#breadcrumb","itemListElement":[{"@type":"ListItem","position":1,"name":"Hem","item":"https:\/\/monroedesign.se\/en\/web-design-stockholm-graphic-design-decal-monroe-design-ab\/"},{"@type":"ListItem","position":2,"name":"Media"}]},{"@type":"WebSite","@id":"https:\/\/monroedesign.se\/en\/#website","url":"https:\/\/monroedesign.se\/en\/","name":"MONROE DESIGN","description":"Web design and graphic design of print in Stockholm","publisher":{"@id":"https:\/\/monroedesign.se\/en\/#organization"},"potentialAction":[{"@type":"SearchAction","target":{"@type":"EntryPoint","urlTemplate":"https:\/\/monroedesign.se\/en\/?s={search_term_string}"},"query-input":{"@type":"PropertyValueSpecification","valueRequired":true,"valueName":"search_term_string"}}],"inLanguage":"en-US"},{"@type":"Organization","@id":"https:\/\/monroedesign.se\/en\/#organization","name":"Monroe Design AB","url":"https:\/\/monroedesign.se\/en\/","logo":{"@type":"ImageObject","inLanguage":"en-US","@id":"https:\/\/monroedesign.se\/en\/#\/schema\/logo\/image\/","url":"https:\/\/monroedesign.se\/wp-content\/uploads\/2019\/07\/1040_monroe_design_logo_black_mint_hex.jpg","contentUrl":"https:\/\/monroedesign.se\/wp-content\/uploads\/2019\/07\/1040_monroe_design_logo_black_mint_hex.jpg","width":1040,"height":650,"caption":"Monroe Design AB"},"image":{"@id":"https:\/\/monroedesign.se\/en\/#\/schema\/logo\/image\/"},"sameAs":["https:\/\/www.facebook.com\/monroedesign.se","https:\/\/x.com\/MonroeOfSweden","https:\/\/www.instagram.com\/monroedesign\/","https:\/\/www.linkedin.com\/in\/monroedesign"]}]}},"_links":{"self":[{"href":"https:\/\/monroedesign.se\/en\/wp-json\/wp\/v2\/pages\/25107","targetHints":{"allow":["GET"]}}],"collection":[{"href":"https:\/\/monroedesign.se\/en\/wp-json\/wp\/v2\/pages"}],"about":[{"href":"https:\/\/monroedesign.se\/en\/wp-json\/wp\/v2\/types\/page"}],"author":[{"embeddable":true,"href":"https:\/\/monroedesign.se\/en\/wp-json\/wp\/v2\/users\/3"}],"replies":[{"embeddable":true,"href":"https:\/\/monroedesign.se\/en\/wp-json\/wp\/v2\/comments?post=25107"}],"version-history":[{"count":0,"href":"https:\/\/monroedesign.se\/en\/wp-json\/wp\/v2\/pages\/25107\/revisions"}],"wp:featuredmedia":[{"embeddable":true,"href":"https:\/\/monroedesign.se\/en\/wp-json\/wp\/v2\/media\/24394"}],"wp:attachment":[{"href":"https:\/\/monroedesign.se\/en\/wp-json\/wp\/v2\/media?parent=25107"}],"curies":[{"name":"wp","href":"https:\/\/api.w.org\/{rel}","templated":true}]}}